{"id":579,"date":"2024-08-16T12:02:45","date_gmt":"2024-08-16T09:02:45","guid":{"rendered":"https:\/\/www.sarayaman.com.tr\/fr\/?page_id=579"},"modified":"2025-10-23T16:52:52","modified_gmt":"2025-10-23T13:52:52","slug":"kvkk","status":"publish","type":"page","link":"https:\/\/www.sarayaman.com.tr\/fr\/kvkk\/","title":{"rendered":"KVKK"},"content":{"rendered":"<h2><strong>TEXTE D&rsquo;INFORMATION ET DE CONSENTEMENT CONCERNANT LE TRAITEMENT DES DONN\u00c9ES PERSONNELLES<\/strong><\/h2>\n<p><strong>Vos donn\u00e9es personnelles sont trait\u00e9es par Clovermed G\u00fczellik ve \u00d6zel Sa\u011fl\u0131k Hizmetleri Ticaret Limited \u015eirketi (la \u00ab\u00a0Soci\u00e9t\u00e9\u00a0\u00bb),<\/strong> en qualit\u00e9 de responsable du traitement, conform\u00e9ment aux dispositions de la loi n\u00b0\u00a06698 sur la protection des donn\u00e9es personnelles (\u00ab<strong>\u00a0KVKK<\/strong>\u00a0\u00bb) et dans le cadre de la pr\u00e9sente notice d&rsquo;information relative aux processus d&rsquo;adh\u00e9sion et\/ou de service (\u00ab<strong>\u00a0Notice d&rsquo;information<\/strong>\u00a0\u00bb). Cette notice a \u00e9t\u00e9 pr\u00e9par\u00e9e afin de vous informer de vos droits concernant l&rsquo;utilisation et la protection de vos donn\u00e9es personnelles conform\u00e9ment \u00e0 la l\u00e9gislation en vigueur.<\/p>\n<p><strong>1.Base juridique de la collecte de donn\u00e9es personnelles par Clovermed Beauty and Private Health Services Trade Limited<\/strong> Company<\/p>\n<p>Vos donn\u00e9es personnelles, y compris les donn\u00e9es que vous partagez et les donn\u00e9es obtenues lors de la fourniture du service, qui sont n\u00e9cessaires au service de sant\u00e9, sont collect\u00e9es et trait\u00e9es conform\u00e9ment \u00e0 la Constitution, \u00e0 la loi n\u00b0 1219 sur l&rsquo;exercice de la m\u00e9decine et des branches de la m\u00e9decine, \u00e0 la loi fondamentale sur les services de sant\u00e9 n\u00b0 3359, \u00e0 la loi sur la protection des donn\u00e9es personnelles n\u00b0 6698 et \u00e0 la l\u00e9gislation pertinente.<\/p>\n<p>Nous traitons vos donn\u00e9es personnelles en tant que \u00ab Responsable du traitement \u00bb conform\u00e9ment au KVKK ;<\/p>\n<ul>\n<li>Conform\u00e9ment \u00e0 la loi et aux r\u00e8gles de l&rsquo;honn\u00eatet\u00e9,<\/li>\n<li>Avec pr\u00e9cision et \u00e0 jour si n\u00e9cessaire,<\/li>\n<li>\u00c0 des fins sp\u00e9cifiques, claires et l\u00e9gitimes,<\/li>\n<li>En lien avec la finalit\u00e9 pour laquelle elles sont trait\u00e9es, limit\u00e9es et proportionn\u00e9es,<\/li>\n<li>Nous tenons \u00e0 vous informer que nous conserverons, enregistrerons, stockerons, pr\u00e9serverons, r\u00e9organiserons les donn\u00e9es personnelles pendant la p\u00e9riode pr\u00e9vue par la l\u00e9gislation pertinente ou n\u00e9cessaire aux fins pour lesquelles elles sont trait\u00e9es, nous pourrons les partager avec des institutions l\u00e9galement autoris\u00e9es \u00e0 demander ces donn\u00e9es personnelles, et nous pourrons les transf\u00e9rer, les c\u00e9der, les classer et les traiter dans d&rsquo;autres cas r\u00e9glement\u00e9s par le KVKK, \u00e0 des tiers au pays ou \u00e0 l&rsquo;\u00e9tranger, dans les conditions sp\u00e9cifi\u00e9es dans le KVKK.<\/li>\n<\/ul>\n<p><strong>2.Vos donn\u00e9es personnelles trait\u00e9es et la finalit\u00e9 du traitement<\/strong><\/p>\n<p>Afin de vous fournir des services, de vous contacter lorsque cela est n\u00e9cessaire, de distinguer vos enregistrements que nous avons cr\u00e9\u00e9s dans notre syst\u00e8me de ceux des autres visiteurs, d&rsquo;effectuer des transactions, d&rsquo;\u00e9mettre des factures, de recevoir votre paiement, de d\u00e9terminer les Services dont vous avez besoin, de vous permettre de b\u00e9n\u00e9ficier de campagnes, de fournir les informations n\u00e9cessaires, de r\u00e9soudre vos probl\u00e8mes et r\u00e9clamations lorsque vous nous contactez via nos canaux de communication, de vous contacter lorsque cela est n\u00e9cessaire, de travailler \u00e0 la satisfaction du client et de l&rsquo;utiliser comme preuve dans les litiges qui pourraient survenir entre nous, de remplir nos obligations d\u00e9coulant de la l\u00e9gislation, de remplir nos autres obligations l\u00e9gales envers les institutions et organisations publiques autoris\u00e9es et autoris\u00e9es.<\/p>\n<p>-Vos informations d&rsquo;identit\u00e9 (Nom Pr\u00e9nom, Num\u00e9ro d&rsquo;identification TR, Num\u00e9ro de passeport, Date de naissance, signature)<\/p>\n<p>-Vos coordonn\u00e9es (adresse, adresse e-mail, num\u00e9ro de t\u00e9l\u00e9phone)<\/p>\n<p>-Vos informations de transaction (contenu du service, frais, d\u00e9tails de paiement)<\/p>\n<p>-Vos informations de compte bancaire et de carte de cr\u00e9dit<\/p>\n<p>-Vos images de cam\u00e9ra de s\u00e9curit\u00e9 afin d&rsquo;assurer la s\u00e9curit\u00e9 contre d&rsquo;\u00e9ventuels actes ill\u00e9gaux et de remplir nos obligations envers les autorit\u00e9s judiciaires de fournir des informations, des documents et d&rsquo;autres obligations connexes,<\/p>\n<p>Nous traitons vos informations de sant\u00e9 (allergies, glyc\u00e9mie, pouls, interventions chirurgicales, ant\u00e9c\u00e9dents m\u00e9dicaux, maladies pass\u00e9es, traitements, m\u00e9dicaments utilis\u00e9s, habitudes alimentaires et de sommeil, caract\u00e9ristiques physiques telles que poids, taille, peau, cheveux, ongles, habitudes, caract\u00e9ristiques du syst\u00e8me immunitaire, habitudes sportives, informations sur les addictions, profession, probl\u00e8mes chroniques, ant\u00e9c\u00e9dents chirurgicaux) afin d&rsquo;\u00e9valuer si vous souffrez de maladies, d&rsquo;allergies ou d&rsquo;autres probl\u00e8mes de sant\u00e9 vous emp\u00eachant de b\u00e9n\u00e9ficier des Services et de d\u00e9terminer le Service le plus adapt\u00e9 \u00e0 vos besoins. Toutes vos donn\u00e9es peuvent \u00eatre stock\u00e9es en externe, physiquement ou virtuellement (environnement cloud, entrep\u00f4ts de donn\u00e9es, etc.), conform\u00e9ment aux politiques de l&rsquo;entreprise.<\/p>\n<p><strong>3.M\u00e9thode de collecte des donn\u00e9es personnelles<\/strong><\/p>\n<p>Vos donn\u00e9es personnelles sont collect\u00e9es par notre Soci\u00e9t\u00e9 par des moyens enti\u00e8rement ou partiellement automatiques ou par des moyens non automatiques \u00e0 condition qu&rsquo;elles fassent partie de tout syst\u00e8me d&rsquo;enregistrement de donn\u00e9es, \u00e0 partir d&rsquo;environnements physiques et\/ou \u00e9lectroniques via le <a href=\"https:\/\/www.sarayaman.com.tr\/\">site https:\/\/www.sarayaman.com.tr\/ de notre soci\u00e9t\u00e9,<\/a> les informations que vous obtenez lorsque vous postulez aupr\u00e8s de notre soci\u00e9t\u00e9, les informations et documents que vous envoyez \u00e0 nos comptes de m\u00e9dias sociaux, applications, comptes et syst\u00e8mes de communication \u00e0 distance audio et vid\u00e9o, enqu\u00eates \u00e9lectroniques men\u00e9es dans le but d&rsquo;\u00e9valuer le service, formulaires imprim\u00e9s par lesquels nous communiquons avec vous, t\u00e9l\u00e9phone, fax, courrier\/cargo, e-mail, SMS, plateformes de demande\/r\u00e9clamation, etc.<\/p>\n<p><strong>4.Parties auxquelles vos donn\u00e9es personnelles peuvent \u00eatre transf\u00e9r\u00e9es, finalit\u00e9s et motifs juridiques du transfert<\/strong><\/p>\n<p>Vos donn\u00e9es personnelles peuvent \u00eatre partag\u00e9es avec les institutions, organisations ou compagnies d&rsquo;assurance concern\u00e9es que vous avez notifi\u00e9es aux fins sp\u00e9cifi\u00e9es \u00e0 l&rsquo;article 2 du pr\u00e9sent document d&rsquo;information et de consentement\u00a0; pour la supervision et le financement des services de sant\u00e9\u00a0; et, si la loi l&rsquo;exige, avec les institutions et organisations publiques comp\u00e9tentes pour la protection de la sant\u00e9 publique, la m\u00e9decine pr\u00e9ventive, le diagnostic m\u00e9dical, le traitement et les services de soins\u00a0; et pour la planification et la gestion des services de sant\u00e9 et de leur financement. De plus, elles peuvent \u00eatre partag\u00e9es avec les entreprises qui fournissent les services d&rsquo;infrastructure de notre site web, ainsi qu&rsquo;avec des personnes et institutions dans le pays duquel nous recevons les services de stockage de donn\u00e9es, et uniquement avec votre consentement explicite, avec des personnes et institutions \u00e0 l&rsquo;\u00e9tranger. Les enregistrements visuels, tels que les photos ou les vid\u00e9os, ne peuvent \u00eatre partag\u00e9s sur les r\u00e9seaux sociaux qu&rsquo;avec votre consentement explicite.<\/p>\n<p>Tout partage est effectu\u00e9 conform\u00e9ment aux articles 8 et 9 du KVKK et en garantissant la s\u00e9curit\u00e9 des donn\u00e9es.<\/p>\n<p><strong>5.Vos droits en tant que personne concern\u00e9e conform\u00e9ment \u00e0 la loi KVKK<\/strong><\/p>\n<p>En nous contactant, en tant que \u00ab Responsable du traitement des donn\u00e9es \u00bb, conform\u00e9ment \u00e0 l\u2019article 11 du KVKK ;<\/p>\n<ol>\n<li>Savoir si vos donn\u00e9es personnelles sont trait\u00e9es,<\/li>\n<li>Demander des informations concernant vos donn\u00e9es personnelles si elles ont \u00e9t\u00e9 trait\u00e9es,<\/li>\n<li>Conna\u00eetre les tiers auxquels vos donn\u00e9es personnelles sont transf\u00e9r\u00e9es, que ce soit au niveau national ou \u00e0 l&rsquo;\u00e9tranger,<\/li>\n<li>Demander la rectification de vos donn\u00e9es personnelles si elles sont trait\u00e9es de mani\u00e8re incompl\u00e8te ou incorrecte,<\/li>\n<li>Demander la suppression, la destruction ou l&rsquo;anonymisation de vos donn\u00e9es personnelles dans le cadre des conditions pr\u00e9vues \u00e0 l&rsquo;article 7 du KVKK,<\/li>\n<li>De demander que les transactions effectu\u00e9es conform\u00e9ment aux clauses (d) et (e) soient notifi\u00e9es aux tiers auxquels vos donn\u00e9es personnelles ont \u00e9t\u00e9 transf\u00e9r\u00e9es,<\/li>\n<li>Si vous subissez un dommage en raison du traitement illicite de vos donn\u00e9es personnelles, vous avez le droit d\u2019exiger une indemnisation pour le dommage.<\/li>\n<\/ol>\n<p><strong>6.Proc\u00e9dure de candidature<\/strong><\/p>\n<p>Conform\u00e9ment \u00e0 l&rsquo;article 5 du Communiqu\u00e9 sur les proc\u00e9dures et principes d&rsquo;application au responsable du traitement des donn\u00e9es, vous pouvez nous adresser vos candidatures, en tant que \u00ab responsable du traitement des donn\u00e9es \u00bb dans le cadre de l&rsquo;article 11 du KVKK, en remplissant le formulaire de candidature que nous avons pr\u00e9par\u00e9, par \u00e9crit, par l&rsquo;interm\u00e9diaire d&rsquo;un notaire ou par lettre recommand\u00e9e avec accus\u00e9 de r\u00e9ception, ou \u00e0 l&rsquo;adresse \u00ab Levent Mah. Levent Cad. No:9 Be\u015fikta\u015f\/\u0130stanbul \u00bb ou<\/p>\n<ul>\n<li><a href=\"mailto:siyamek.saleki@hs01.kep.tr\"><strong>Vous pouvez envoyer vos messages \u00e0 l&rsquo;adresse kep \u00ab clovermed@hs01.kep.tr<\/strong><\/a><strong> \u00bb<\/strong> ,\u00e0 l&rsquo;adresse e<strong> &#8211; mail <\/strong><a href=\"mailto:info@clovermed.com.tr\">info@clovermed.com.tr<\/a> , en utilisant votre adresse de courrier \u00e9lectronique enregistr\u00e9e (KEP), votre signature \u00e9lectronique s\u00e9curis\u00e9e, votre signature mobile ou l&rsquo;adresse e-mail que vous nous avez pr\u00e9alablement notifi\u00e9e et qui est enregistr\u00e9e dans notre syst\u00e8me.<\/li>\n<\/ul>\n<p>Votre demande doit inclure vos nom, pr\u00e9nom et signature si elle est \u00e9crite\u00a0; votre num\u00e9ro de carte d&rsquo;identit\u00e9 turque si vous \u00eates citoyen de la R\u00e9publique de Turquie\u00a0; votre nationalit\u00e9 si vous \u00eates \u00e9tranger\u00a0; votre num\u00e9ro de passeport ou de carte d&rsquo;identit\u00e9 si vous en poss\u00e9dez un\u00a0; votre adresse de r\u00e9sidence ou de travail pour notification\u00a0; votre adresse courriel pour notification, si vous en poss\u00e9dez une\u00a0; vos num\u00e9ros de t\u00e9l\u00e9phone et de fax\u00a0; et l&rsquo;objet de votre demande. Toutes les informations et tous les documents relatifs \u00e0 votre demande doivent y figurer.<\/p>\n<p>Vos candidatures dans ce cadre seront finalis\u00e9es par nos soins dans un d\u00e9lai de 30 jours au plus tard.<\/p>\n<p>Les demandes sont g\u00e9n\u00e9ralement trait\u00e9es gratuitement. Toutefois, si la proc\u00e9dure entra\u00eene des frais suppl\u00e9mentaires, nous vous rappelons que des frais peuvent \u00eatre factur\u00e9s selon le tarif fix\u00e9 par le Conseil de protection des donn\u00e9es personnelles.<\/p>\n<p>Si votre demande est rejet\u00e9e, reste sans r\u00e9ponse ou si notre r\u00e9ponse est jug\u00e9e inad\u00e9quate, vous pouvez d\u00e9poser une plainte aupr\u00e8s du Conseil de protection des donn\u00e9es personnelles dans les trente jours suivant la date \u00e0 laquelle vous avez pris connaissance de notre r\u00e9ponse, ou dans les soixante jours suivant la date de la demande.<\/p>\n<p>Je comprends et j&rsquo;accepte que mes donn\u00e9es personnelles soient trait\u00e9es dans le cadre du service de sant\u00e9 mentionn\u00e9 ci-dessus et m&rsquo;aient \u00e9t\u00e9 expliqu\u00e9es en d\u00e9tail verbalement.<\/p>\n<p>&nbsp;<\/p>\n","protected":false},"excerpt":{"rendered":"<p>TEXTE D&rsquo;INFORMATION ET DE CONSENTEMENT CONCERNANT LE TRAITEMENT DES DONN\u00c9ES PERSONNELLES Vos donn\u00e9es personnelles sont trait\u00e9es par Clovermed G\u00fczellik ve \u00d6zel Sa\u011fl\u0131k Hizmetleri Ticaret Limited \u015eirketi (la \u00ab\u00a0Soci\u00e9t\u00e9\u00a0\u00bb), en qualit\u00e9 de responsable du traitement, conform\u00e9ment aux dispositions de la loi n\u00b0\u00a06698 sur la protection des donn\u00e9es personnelles (\u00ab\u00a0KVKK\u00a0\u00bb) et dans le cadre de la pr\u00e9sente [&hellip;]<\/p>\n","protected":false},"author":1,"featured_media":0,"parent":0,"menu_order":0,"comment_status":"closed","ping_status":"closed","template":"","meta":{"footnotes":""},"class_list":["post-579","page","type-page","status-publish","hentry"],"_links":{"self":[{"href":"https:\/\/www.sarayaman.com.tr\/fr\/wp-json\/wp\/v2\/pages\/579","targetHints":{"allow":["GET"]}}],"collection":[{"href":"https:\/\/www.sarayaman.com.tr\/fr\/wp-json\/wp\/v2\/pages"}],"about":[{"href":"https:\/\/www.sarayaman.com.tr\/fr\/wp-json\/wp\/v2\/types\/page"}],"author":[{"embeddable":true,"href":"https:\/\/www.sarayaman.com.tr\/fr\/wp-json\/wp\/v2\/users\/1"}],"replies":[{"embeddable":true,"href":"https:\/\/www.sarayaman.com.tr\/fr\/wp-json\/wp\/v2\/comments?post=579"}],"version-history":[{"count":3,"href":"https:\/\/www.sarayaman.com.tr\/fr\/wp-json\/wp\/v2\/pages\/579\/revisions"}],"predecessor-version":[{"id":584,"href":"https:\/\/www.sarayaman.com.tr\/fr\/wp-json\/wp\/v2\/pages\/579\/revisions\/584"}],"wp:attachment":[{"href":"https:\/\/www.sarayaman.com.tr\/fr\/wp-json\/wp\/v2\/media?parent=579"}],"curies":[{"name":"wp","href":"https:\/\/api.w.org\/{rel}","templated":true}]}}