{"id":114,"date":"2024-02-13T12:22:06","date_gmt":"2024-02-13T09:22:06","guid":{"rendered":"https:\/\/www.sarayaman.com.tr\/fr\/?page_id=114"},"modified":"2024-04-05T13:54:03","modified_gmt":"2024-04-05T10:54:03","slug":"contact","status":"publish","type":"page","link":"https:\/\/www.sarayaman.com.tr\/fr\/contact\/","title":{"rendered":"Contact"},"content":{"rendered":"<div class=\"row\">\n<div class=\"col-md-6\"><iframe loading=\"lazy\" style=\"border: 0;\" src=\"https:\/\/www.google.com\/maps\/embed?pb=!1m14!1m8!1m3!1d12030.32345670037!2d29.0149921!3d41.0781536!3m2!1i1024!2i768!4f13.1!3m3!1m2!1s0x14cab7ffd63bb821%3A0x8aea8f8adedf5c48!2sSara%20Yaman%20Permanent%20Make-Up%20%C4%B0stanbul%20%7C%20Laser%20Hair%20Removal%2C%20Microblading%2C%20Lip%20Blusing!5e0!3m2!1str!2str!4v1707816786272!5m2!1str!2str\" width=\"100%\" height=\"500\" allowfullscreen=\"allowfullscreen\"><\/iframe><\/div>\n<div class=\"col-md-6\">\n<h3>Coordonn\u00e9es<\/h3>\n<p><strong>Adresse :<\/strong> Levent Cd. No:9, 34330 Be\u015fikta\u015f\/\u0130stanbul<\/p>\n<p><strong>T\u00e9l\u00e9phone :<\/strong> <a href=\"tel:+905300853895\">0 (530) 085 38 95<\/a><\/p>\n<p><strong>Whatsapp :<\/strong> <a href=\"https:\/\/api.whatsapp.com\/send?phone=905300853895\" target=\"_blank\" rel=\"noopener\">0 (530) 085 38 95<\/a><\/p>\n<p><strong>Courriel :<\/strong><a href=\"mailto:info@sarayaman.com.tr\">info@sarayaman.com.tr<\/a><\/p>\n<h3>Heures d&rsquo;ouverture<\/h3>\n<p><strong>Lundi &#8211; Vendredi :<\/strong>\u00a010:00 \u2013 19:00<\/p>\n<p><strong>Samedi: <\/strong>10:00 \u2013 16:00<\/p>\n<p><strong>Dimanche: <\/strong>Ferm\u00e9<\/p>\n<\/div>\n<\/div>\n<hr \/>\n","protected":false},"excerpt":{"rendered":"<p>Coordonn\u00e9es Adresse : Levent Cd. No:9, 34330 Be\u015fikta\u015f\/\u0130stanbul T\u00e9l\u00e9phone : 0 (530) 085 38 95 Whatsapp : 0 (530) 085 38 95 Courriel :info@sarayaman.com.tr Heures d&rsquo;ouverture Lundi &#8211; Vendredi :\u00a010:00 \u2013 19:00 Samedi: 10:00 \u2013 16:00 Dimanche: Ferm\u00e9<\/p>\n","protected":false},"author":1,"featured_media":0,"parent":0,"menu_order":0,"comment_status":"closed","ping_status":"closed","template":"","meta":{"footnotes":""},"class_list":["post-114","page","type-page","status-publish","hentry"],"_links":{"self":[{"href":"https:\/\/www.sarayaman.com.tr\/fr\/wp-json\/wp\/v2\/pages\/114","targetHints":{"allow":["GET"]}}],"collection":[{"href":"https:\/\/www.sarayaman.com.tr\/fr\/wp-json\/wp\/v2\/pages"}],"about":[{"href":"https:\/\/www.sarayaman.com.tr\/fr\/wp-json\/wp\/v2\/types\/page"}],"author":[{"embeddable":true,"href":"https:\/\/www.sarayaman.com.tr\/fr\/wp-json\/wp\/v2\/users\/1"}],"replies":[{"embeddable":true,"href":"https:\/\/www.sarayaman.com.tr\/fr\/wp-json\/wp\/v2\/comments?post=114"}],"version-history":[{"count":7,"href":"https:\/\/www.sarayaman.com.tr\/fr\/wp-json\/wp\/v2\/pages\/114\/revisions"}],"predecessor-version":[{"id":559,"href":"https:\/\/www.sarayaman.com.tr\/fr\/wp-json\/wp\/v2\/pages\/114\/revisions\/559"}],"wp:attachment":[{"href":"https:\/\/www.sarayaman.com.tr\/fr\/wp-json\/wp\/v2\/media?parent=114"}],"curies":[{"name":"wp","href":"https:\/\/api.w.org\/{rel}","templated":true}]}}