{"id":110,"date":"2024-02-13T11:54:39","date_gmt":"2024-02-13T08:54:39","guid":{"rendered":"https:\/\/www.sarayaman.com.tr\/fr\/?page_id=110"},"modified":"2024-04-05T13:46:52","modified_gmt":"2024-04-05T10:46:52","slug":"a-propos-de-nous","status":"publish","type":"page","link":"https:\/\/www.sarayaman.com.tr\/fr\/a-propos-de-nous\/","title":{"rendered":"\u00c0 Propos de Nous"},"content":{"rendered":"<p>Notre apparence est d\u2019une grande importance pour la perception que nous cr\u00e9ons. Lorsque nous communiquons avec les gens, ce que nous regardons le plus et auquel nous pr\u00eatons le plus attention est leur visage. C\u2019est pour cette raison que la beaut\u00e9 du visage rev\u00eat une grande importance tant pour le spectateur que pour la personne regard\u00e9e. J&rsquo;aimerais vous faire plaisir et vous accompagner sur votre chemin avec mes petites touches originales, magiques avec ma nouvelle marque Sara Yaman, avec mes 10 ans d&rsquo;exp\u00e9rience en tant qu&rsquo;esth\u00e9ticienne et esth\u00e9ticienne, avec des petites touches magiques qui font les sourcils et des yeux apparaissent, qui sont les plus visibles sur le visage. Je suis n\u00e9e \u00e0 Bakou, la ville o\u00f9 se rencontrent les concepts orientaux et occidentaux de la beaut\u00e9. Cette compr\u00e9hension de la beaut\u00e9 qui m&rsquo;a \u00e9lev\u00e9 a gagn\u00e9 en \u00e9l\u00e9gance \u00e0 Istanbul. Ayant compl\u00e9t\u00e9 ses \u00e9tudes de premier cycle au D\u00e9partement de communication, radio, t\u00e9l\u00e9vision et cin\u00e9ma, l&rsquo;un des apports de ma formation est que j&rsquo;ai d\u00e9couvert ma capacit\u00e9 \u00e0 contribuer positivement aux visages et aux expressions des gens. C\u2019\u00e9tait peut-\u00eatre ma plus grande chance de grandir et de recevoir une \u00e9ducation dans un monde o\u00f9 cette beaut\u00e9 magique et visuelle est prioritaire. Gr\u00e2ce \u00e0 tous les retours positifs que j&rsquo;ai re\u00e7us sur ma compr\u00e9hension de la visualit\u00e9 et de la beaut\u00e9, j&rsquo;ai fait mes premiers pas dans cette belle industrie o\u00f9 je vais le faire avec amour et me sentir mieux. Ces jours-ci, lorsque je couronne l&rsquo;expertise beaut\u00e9 que j&rsquo;ai commenc\u00e9e il y a 10 ans, qui est pour moi un art dans lequel je peux m&rsquo;exprimer au mieux, avec ma propre marque, pouvoir toucher plus de gens et le sentiment de pouvoir rendre plus de gens heureux restera, comme toujours, ma plus grande source de motivation. Mon travail apportera certainement une touche magique \u00e0 la beaut\u00e9 existante des gens et contribuera \u00e0 leur sentiment de bien-\u00eatre. Je vous attendrai dans mon centre avec l&rsquo;enthousiasme et l&rsquo;amour du premier jour.<\/p>\n<p><iframe loading=\"lazy\" title=\"YouTube video player\" src=\"https:\/\/www.youtube.com\/embed\/VKnU0pxQzQI?si=TYytPMaLlLbJGgpN\" width=\"100%\" height=\"550\" frameborder=\"0\" allowfullscreen=\"allowfullscreen\"><span data-mce-type=\"bookmark\" style=\"display: inline-block; width: 0px; overflow: hidden; line-height: 0;\" class=\"mce_SELRES_start\">\ufeff<\/span><span data-mce-type=\"bookmark\" style=\"display: inline-block; width: 0px; overflow: hidden; line-height: 0;\" class=\"mce_SELRES_start\">\ufeff<\/span><\/iframe><\/p>\n","protected":false},"excerpt":{"rendered":"<p>Notre apparence est d\u2019une grande importance pour la perception que nous cr\u00e9ons. Lorsque nous communiquons avec les gens, ce que nous regardons le plus et auquel nous pr\u00eatons le plus attention est leur visage. C\u2019est pour cette raison que la beaut\u00e9 du visage rev\u00eat une grande importance tant pour le spectateur que pour la personne [&hellip;]<\/p>\n","protected":false},"author":1,"featured_media":0,"parent":0,"menu_order":0,"comment_status":"closed","ping_status":"closed","template":"","meta":{"footnotes":""},"class_list":["post-110","page","type-page","status-publish","hentry"],"_links":{"self":[{"href":"https:\/\/www.sarayaman.com.tr\/fr\/wp-json\/wp\/v2\/pages\/110","targetHints":{"allow":["GET"]}}],"collection":[{"href":"https:\/\/www.sarayaman.com.tr\/fr\/wp-json\/wp\/v2\/pages"}],"about":[{"href":"https:\/\/www.sarayaman.com.tr\/fr\/wp-json\/wp\/v2\/types\/page"}],"author":[{"embeddable":true,"href":"https:\/\/www.sarayaman.com.tr\/fr\/wp-json\/wp\/v2\/users\/1"}],"replies":[{"embeddable":true,"href":"https:\/\/www.sarayaman.com.tr\/fr\/wp-json\/wp\/v2\/comments?post=110"}],"version-history":[{"count":5,"href":"https:\/\/www.sarayaman.com.tr\/fr\/wp-json\/wp\/v2\/pages\/110\/revisions"}],"predecessor-version":[{"id":558,"href":"https:\/\/www.sarayaman.com.tr\/fr\/wp-json\/wp\/v2\/pages\/110\/revisions\/558"}],"wp:attachment":[{"href":"https:\/\/www.sarayaman.com.tr\/fr\/wp-json\/wp\/v2\/media?parent=110"}],"curies":[{"name":"wp","href":"https:\/\/api.w.org\/{rel}","templated":true}]}}